{"id":5,"date":"2009-03-06T19:21:59","date_gmt":"2009-03-06T19:21:59","guid":{"rendered":"http:\/\/nome.unak.is\/wordpress\/?p=5"},"modified":"2023-12-04T11:17:59","modified_gmt":"2023-12-04T11:17:59","slug":"our-friends","status":"publish","type":"page","link":"https:\/\/nome.unak.is\/wordpress\/our-friends\/","title":{"rendered":"Our friends"},"content":{"rendered":"\n\n\n\t<div class=\"dkpdf-button-container\" style=\" text-align:right \">\n\n\t\t<a class=\"dkpdf-button\" href=\"\/wordpress\/wp-json\/wp\/v2\/pages\/5?pdf=5\" target=\"_blank\"><span class=\"dkpdf-button-icon\"><i class=\"fa fa-file-pdf-o\"><\/i><\/span> <\/a>\n\n\t<\/div>\n\n\n\n\n\n<p><span style=\"font-family: arial, helvetica, sans-serif; font-size: 12pt; color: #000000;\">\u00a0<\/span><\/p>\n<ul>\n<li><span style=\"font-family: arial, helvetica, sans-serif; font-size: 12pt; color: #000000;\"><a href=\"http:\/\/www.amtsbok.is\/\" target=\"_blank\" rel=\"noopener noreferrer\"><span style=\"color: #000000;\">Amtsb\u00f3kasafni\u00f0 \u00e1 Akureyri &#8211; Akureyri City Library<\/span><\/a><\/span><\/li>\n<li><span style=\"color: #000000;\"><span style=\"font-family: arial, helvetica, sans-serif; font-size: 12pt;\"><a href=\"http:\/\/www.caans-acaen.ca\/index.html\"><span style=\"color: #000000;\">CAANS \/ ACAEN &#8211;<\/span><\/a><\/span><span style=\"font-family: arial, helvetica, sans-serif; font-size: 12pt;\"><a href=\"http:\/\/www.caans-acaen.ca\/index.html\"><span style=\"color: #000000;\">\u00a0<\/span><\/a><\/span><span style=\"font-family: arial, helvetica, sans-serif; font-size: 12pt;\"><a href=\"http:\/\/www.caans-acaen.ca\/index.html\"><span style=\"color: #000000; text-align: start; background-color: #fdfaf3;\">Association canadienne pour l&#8217;avancement des \u00e9tudes n\u00e9erlandaises<\/span><\/a><\/span><\/span><\/li>\n<li><span style=\"font-family: arial, helvetica, sans-serif; font-size: 12pt; color: #000000;\"><a href=\"http:\/\/www.caff.is\/\" target=\"_blank\" rel=\"noopener noreferrer\"><span style=\"color: #000000;\">CAFF &#8211; Conservation of Arctic Flora and Fauna<\/span><\/a><\/span><\/li>\n<li><span style=\"font-family: arial, helvetica, sans-serif; font-size: 12pt; color: #000000;\"><a href=\"http:\/\/www.orkney.uhi.ac.uk\/courses\/nordic-studies\"><span style=\"color: #000000;\">Centre for Nordic Studies, UHI Millennium Institute, Kirkwall\u00a0 and Scalloway<\/span><\/a><\/span><\/li>\n<li><span style=\"font-family: arial, helvetica, sans-serif; font-size: 12pt; color: #000000;\"><a href=\"http:\/\/hal9000.cisi.unito.it\/wf\/RICERCA\/Gruppi_e_P\/Area-umani\/CENTRO-STU\/index.htm\" target=\"_blank\" rel=\"noopener noreferrer\"><span style=\"color: #000000;\">Centro Studi per lo Spettacolo Nordico del DAMS di Torino<\/span><\/a><\/span><\/li>\n<li><span style=\"font-family: arial, helvetica, sans-serif; font-size: 12pt; color: #000000;\"><a href=\"http:\/\/www.c-scp.org\" target=\"_blank\" rel=\"noopener noreferrer\"><span style=\"color: #000000;\">CSCP &#8211; Canadian Society for Continental Philosophy<\/span><\/a><\/span><\/li>\n<li><span style=\"font-family: arial, helvetica, sans-serif; font-size: 12pt; color: #000000;\"><a href=\"http:\/\/www.iiccopenaghen.esteri.it\/IIC_Copenaghen\"><span style=\"color: #000000;\">Det Italienske Kulturinstitut\u00a0i K\u00f8benhavn<\/span><\/a><\/span><\/li>\n<li><span style=\"font-family: arial, helvetica, sans-serif; font-size: 12pt; color: #000000;\"><a href=\"http:\/\/www.iiccopenaghen.esteri.it\/IIC_Oslo\" target=\"_blank\" rel=\"noopener noreferrer\"><span style=\"color: #000000;\">Det italienske kulturinstitutt i Oslo<\/span><\/a><\/span><\/li>\n<li><span style=\"font-family: arial, helvetica, sans-serif; font-size: 12pt; color: #000000;\"><a href=\"http:\/\/www.doaj.org\/\" target=\"_blank\" rel=\"noopener noreferrer\"><span style=\"color: #000000;\">DOAJ &#8211; Directory of Open Access Journals (2011-2021)<\/span><\/a><\/span><\/li>\n<li><span style=\"font-family: arial, helvetica, sans-serif; font-size: 12pt; color: #000000;\"><a href=\"http:\/\/europeanlegalroots.weebly.com\"><span style=\"color: #000000;\">ELR &#8211; European Legal Roots<\/span><\/a><\/span><\/li>\n<li><span style=\"font-family: arial, helvetica, sans-serif; font-size: 12pt; color: #000000;\"><a href=\"http:\/\/www.existentia.hu\/index.html\" target=\"_blank\" rel=\"noopener noreferrer\"><span style=\"color: #000000;\">Existentia &#8211; Societas Philosophia Classica<\/span><\/a><\/span><\/li>\n<li><span style=\"font-family: arial, helvetica, sans-serif; font-size: 12pt; color: #000000;\"><a href=\"http:\/\/wcc-coe.org\/wcc\/what\/faith\/texts-e.html\" target=\"_blank\" rel=\"noopener noreferrer\"><span style=\"color: #000000;\">Faith and Order Texts and Studies&#8211;World Council of Churches<\/span><\/a><\/span><\/li>\n<li><span style=\"font-family: arial, helvetica, sans-serif; font-size: 12pt; color: #000000;\"><a href=\"http:\/\/www.um.edu.mt\/intoff\/fis.html\" target=\"_blank\" rel=\"noopener noreferrer\"><span style=\"color: #000000;\">Foundation for International Studies &#8211; University of Malta<\/span><\/a><\/span><\/li>\n<li><span style=\"font-family: arial, helvetica, sans-serif; font-size: 12pt; color: #000000;\"><a href=\"http:\/\/www.museopolare.it\/Istituto.htm\"><span style=\"color: #000000;\">Geographic Polar Institute &#8220;Silvio Zavatti&#8221;<\/span><\/a>\u00a0<\/span><\/li>\n<li><span style=\"font-family: arial, helvetica, sans-serif; font-size: 12pt; color: #000000;\"><a href=\"http:\/\/www.polarlaw.is\/\" target=\"_blank\" rel=\"noopener noreferrer\"><span style=\"color: #000000;\">Master Programme in Polar Law<\/span><\/a><\/span><\/li>\n<li><span style=\"font-family: arial, helvetica, sans-serif; font-size: 12pt; color: #000000;\"><a href=\"..\/nome2\/pages\/www.northhighlandconnections.org\" target=\"_blank\" rel=\"noopener noreferrer\"><span style=\"color: #000000;\">NHC &#8211; North Highland Connections<\/span><\/a><\/span><\/li>\n<li><span style=\"font-family: arial, helvetica, sans-serif; font-size: 12pt; color: #000000;\"><a href=\"http:\/\/www.nsuweb.net\/wb\/\" target=\"_blank\" rel=\"noopener noreferrer\"><span style=\"color: #000000;\">Nordic Summer University<\/span><\/a><\/span><\/li>\n<li><a href=\"https:\/\/www.rchumanities.gr\/en\/normed-about\/\">NORMED &#8211; Research Centre for the Humanities<\/a><\/li>\n<li><span style=\"color: #000000;\"><a style=\"color: #000000;\" href=\"http:\/\/www.brendanmyers.net\/nwpbooks\/\"><span style=\"font-family: arial, helvetica, sans-serif; font-size: 12pt;\">Northwest Passage Books<\/span><\/a><\/span><\/li>\n<li><span style=\"font-family: arial, helvetica, sans-serif; font-size: 12pt; color: #000000;\"><a href=\"http:\/\/hrcak.srce.hr\/\" target=\"_blank\" rel=\"noopener noreferrer\"><span style=\"color: #000000;\">Portal of Scientific Journals of Croatia<\/span><\/a><\/span><\/li>\n<li><span style=\"font-family: arial, helvetica, sans-serif; font-size: 12pt; color: #000000;\"><a href=\"http:\/\/journal.ispri.ro\"><span style=\"color: #000000;\">Romanian Review of Political Sciences and International Relations<\/span><\/a><\/span><\/li>\n<li><span style=\"font-family: arial, helvetica, sans-serif; font-size: 12pt; color: #000000;\"><a href=\"http:\/\/www.ruggeromarino-cristoforocolombo.com\"><span style=\"color: #000000;\">Ruggero Marino &#8211; Cristoforo Colombo<\/span><\/a><\/span><\/li>\n<li><span style=\"font-family: arial, helvetica, sans-serif; font-size: 12pt; color: #000000;\"><a href=\"http:\/\/www.snowchange.org\"><span style=\"color: #000000;\">The Snowchange Project<\/span><\/a><\/span><\/li>\n<li><a href=\"http:\/\/www.britishpersonalistforum.org.uk\" target=\"_blank\" rel=\"noopener noreferrer\"><span style=\"font-family: arial, helvetica, sans-serif; font-size: 12pt; color: #000000;\"><span style=\"color: #000000;\">SPCPS &#8211; Society for Post-Critical and Personalist Studies<\/span><\/span><\/a><\/li>\n<li><span style=\"color: #000000;\"><a style=\"color: #000000;\" href=\"https:\/\/www.ssipseminario.it\/\">SSIP &#8211; Seminario Permanente di Studi Internazionali (University of Calabria)<\/a><\/span><\/li>\n<li><span style=\"font-family: arial, helvetica, sans-serif; font-size: 12pt; color: #000000;\"><a href=\"http:\/\/www.stjornmalogstjornsysla.is\/\" target=\"_blank\" rel=\"noopener noreferrer\"><span style=\"color: #000000;\">Stj\u00f3rnm\u00e1l og stj\u00f3rns\u00fdsla<\/span><\/a><\/span><\/li>\n<li><span style=\"font-family: arial, helvetica, sans-serif; font-size: 12pt; color: #000000;\"><a href=\"http:\/\/www.hrfd.hr\/\" target=\"_blank\" rel=\"noopener noreferrer\"><span style=\"color: #000000;\">The Croatian Philosophical Society <\/span><\/a><\/span><\/li>\n<li><a href=\"https:\/\/projectsanity.online\/life-code-of-value\/\"><span style=\"font-family: arial, helvetica, sans-serif; font-size: 12pt; color: #000000;\"><span style=\"color: #000000;\">The Project Sanity: Life Code of Value<\/span><\/span><\/a><\/li>\n<li><span style=\"font-family: arial, helvetica, sans-serif; font-size: 12pt; color: #000000;\"><a href=\"http:\/\/www.unak.is\/\" target=\"_blank\" rel=\"noopener noreferrer\"><span style=\"color: #000000;\">The University of Akureyri<\/span><\/a><\/span><\/li>\n<li><span style=\"font-family: arial, helvetica, sans-serif; font-size: 12pt; color: #000000;\"><a href=\"http:\/\/www.vigdis.hi.is\/\" target=\"_blank\" rel=\"noopener noreferrer\"><span style=\"color: #000000;\">The Vigd\u00eds Finnbogad\u00f3ttir Institute of Foreign Languages<\/span><\/a>\u00a0<\/span><\/li>\n<\/ul>\n<p><span style=\"font-family: arial, helvetica, sans-serif; font-size: 12pt; color: #000000;\">\u00a0<\/span><\/p>\n","protected":false},"excerpt":{"rendered":"<p>\u00a0 Amtsb\u00f3kasafni\u00f0 \u00e1 Akureyri &#8211; Akureyri City Library CAANS \/ ACAEN &#8211;\u00a0Association canadienne pour l&#8217;avancement des \u00e9tudes n\u00e9erlandaises CAFF &#8211; Conservation of Arctic Flora and Fauna Centre for Nordic Studies, UHI Millennium Institute, Kirkwall\u00a0 and Scalloway Centro Studi per lo Spettacolo Nordico del DAMS di Torino CSCP &#8211; Canadian Society for Continental Philosophy Det Italienske &hellip; <a href=\"https:\/\/nome.unak.is\/wordpress\/our-friends\/\" class=\"more-link\">Continue reading <span class=\"screen-reader-text\">Our friends<\/span> <span class=\"meta-nav\">&rarr;<\/span><\/a><\/p>\n","protected":false},"author":527,"featured_media":0,"parent":0,"menu_order":15,"comment_status":"closed","ping_status":"open","template":"","meta":{"_exactmetrics_skip_tracking":false,"_exactmetrics_sitenote_active":false,"_exactmetrics_sitenote_note":"","_exactmetrics_sitenote_category":0,"footnotes":""},"coauthors":[1318],"class_list":["post-5","page","type-page","status-publish","hentry"],"_links":{"self":[{"href":"https:\/\/nome.unak.is\/wordpress\/wp-json\/wp\/v2\/pages\/5","targetHints":{"allow":["GET"]}}],"collection":[{"href":"https:\/\/nome.unak.is\/wordpress\/wp-json\/wp\/v2\/pages"}],"about":[{"href":"https:\/\/nome.unak.is\/wordpress\/wp-json\/wp\/v2\/types\/page"}],"author":[{"embeddable":true,"href":"https:\/\/nome.unak.is\/wordpress\/wp-json\/wp\/v2\/users\/527"}],"replies":[{"embeddable":true,"href":"https:\/\/nome.unak.is\/wordpress\/wp-json\/wp\/v2\/comments?post=5"}],"version-history":[{"count":10,"href":"https:\/\/nome.unak.is\/wordpress\/wp-json\/wp\/v2\/pages\/5\/revisions"}],"predecessor-version":[{"id":26851,"href":"https:\/\/nome.unak.is\/wordpress\/wp-json\/wp\/v2\/pages\/5\/revisions\/26851"}],"wp:attachment":[{"href":"https:\/\/nome.unak.is\/wordpress\/wp-json\/wp\/v2\/media?parent=5"}],"wp:term":[{"taxonomy":"author","embeddable":true,"href":"https:\/\/nome.unak.is\/wordpress\/wp-json\/wp\/v2\/coauthors?post=5"}],"curies":[{"name":"wp","href":"https:\/\/api.w.org\/{rel}","templated":true}]}}