{"id":2,"date":"2009-03-06T18:39:17","date_gmt":"2009-03-06T18:39:17","guid":{"rendered":"http:\/\/nome.unak.is\/wordpress\/?p=2"},"modified":"2026-02-21T00:04:03","modified_gmt":"2026-02-21T00:04:03","slug":"editorial-policy","status":"publish","type":"page","link":"https:\/\/nome.unak.is\/wordpress\/editorial-policy\/","title":{"rendered":"Editorial Policy"},"content":{"rendered":"\n\n\n\t<div class=\"dkpdf-button-container\" style=\" text-align:right \">\n\n\t\t<a class=\"dkpdf-button\" href=\"\/wordpress\/wp-json\/wp\/v2\/pages\/2?pdf=2\" target=\"_blank\"><span class=\"dkpdf-button-icon\"><i class=\"fa fa-file-pdf-o\"><\/i><\/span> <\/a>\n\n\t<\/div>\n\n\n\n\n\n<p style=\"text-align: justify;\"><strong>(a) Mission and values<\/strong><\/p>\n<p style=\"text-align: justify;\"><em>Nordicum-Mediterraneum<\/em> is an international, multi- and interdisciplinary forum for the presentation, discussion and exchange of ideas, studies and resources dealing with <strong>Mediterranean<\/strong> and <strong>Nordic<\/strong> matters. In particular, though by no means exclusively,<em> Nordicum-Mediterraneum<\/em> wishes to be a venue for the exploration of the ties between Iceland and Italy: historical, cultural, economic, political, scientific, religious and artistic.<\/p>\n<p style=\"text-align: justify;\"><span style=\"text-align: justify;\">Above all else,<\/span><em style=\"text-align: justify;\">\u00a0Nordicum-Mediterraneum<\/em><span style=\"text-align: justify;\">\u00a0wishes to foster the awareness and the understanding concerning the common origins, intertwined traditions and shared problematics of the Eurasian communities of the North &#8212; hence\u00a0<\/span><em style=\"text-align: justify;\">Nordicum<\/em><span style=\"text-align: justify;\">\u00a0&#8212; and of the South &#8212; hence\u00a0<\/span><em style=\"text-align: justify;\">Mediterraneum<\/em><span style=\"text-align: justify;\">. In its beginning, the journal published material dealing exclusively with such commonalities, intertwining and shared elements.<\/span><\/p>\n<p style=\"text-align: justify;\"><span style=\"text-align: justify;\">It is the firm belief of the journal&#8217;s editors that <strong>culture is a public good<\/strong> and, as such, it must be available to the public as easily and as economically as possible. Publishing\u00a0<\/span><em style=\"text-align: justify;\">Nordicum-Mediterraneum<\/em><span style=\"text-align: justify;\"> as an open-access journal in the sole electronic format is meant to serve this twofold goal, which translates as well into a much-reduced <strong>environmental impact<\/strong>, especially given Iceland&#8217;s large reliance on geothermal and hydroelectric power plants.<\/span><\/p>\n<p style=\"text-align: justify;\">Thus, rather than mimicking standard paper publications, the <strong>electronic<\/strong> character of the journal is intentionally highlighted by choice of font, overall look and user interaction, e.g., font-resizing options, scroll-down browsing in lieu of a virtual table of contents, in-text hyperlinks, restricted log-in area for authors, etc.<\/p>\n<p style=\"text-align: justify;\"><strong>No processing or submission charges apply at any point whatsoever<\/strong> of the editorial and\/or publication activities of the journal. <span style=\"text-align: justify;\">\u00a0By charging no fees on either its readers or its contributors, <\/span><em style=\"text-align: justify;\">Nordicum-Mediterraneum<\/em><span style=\"text-align: justify;\"> rejects the predatory editorial practices that are, unfortunately, still common in academic publishing, whether paper-based or electronic.<\/span><\/p>\n<p>&nbsp;<\/p>\n<p>&nbsp;<\/p>\n<p style=\"text-align: justify;\"><strong>(b) History and integrations<\/strong><\/p>\n<p style=\"text-align: justify;\"><span style=\"text-align: justify;\">Originally a brainchild of Dr Maurizio Tani, who had been teaching Italian language and culture at the University of Iceland in Reykjavik (<a href=\"https:\/\/www.hi.is\/\"><em>H\u00e1sk\u00f3li \u00cdslands<\/em><\/a>), the journal was formally established and coordinated <em>ab ovo <\/em>by Prof Giorgio Baruchello of the University of Akureyri in <strong>2005<\/strong>. The first issue was released in the Spring of the following year. <\/span><\/p>\n<p style=\"text-align: justify;\"><span style=\"text-align: justify;\">Designed for free, open, online access and consultation, <\/span><em style=\"text-align: justify;\">Nordicum-Mediterraneum<\/em><span style=\"text-align: justify;\"> pioneered web-based open-access scholarship in Iceland and, for many years,<\/span> it has been listed on the <strong>Directory of Open Access Journals<\/strong> (<a href=\"https:\/\/www.doaj.org\/\">DOAJ<\/a>) of Lund University Libraries, the editorial standards of which <em style=\"text-align: justify;\">Nordicum-Mediterraneum<\/em>\u00a0strives to fulfil to the best of its abilities and knowledge.<\/p>\n<p style=\"text-align: justify;\">As of <strong>2008<\/strong>, upon pressure by its readership, <em>Nordicum-Mediterraneum <\/em>started including works dealing with Nordic and Mediterranean issues at large, or that could be of interest to our Nordic and Mediterranean audiences.<\/p>\n<p style=\"text-align: justify;\">As of issue 5(1)\/<strong>2010<\/strong> of the journal, and as already done for the special issue 1(2)\/<strong>2006<\/strong>, fictional page numbers are no longer assigned to each contribution. All major scholarly citation standards (e.g. APA) acknowledge this practice of e-publishing and, as referencing is concerned, they recommend to refer to non-page-numbered electronic sources by: author, title, year of publication, url and, for in-text quotations, paragraph or sub-section.<\/p>\n<p style=\"text-align: justify;\">As of April <strong>2021<\/strong>, <em>Nordicum-Mediterraneum <\/em>commenced a close collaboration with the Law Faculty of the University of Akureyri, i.e., the journal&#8217;s publisher. By so doing, <em>Nordicum-Mediterraneum <\/em>aims at making the journal also a free, electronic and open-access scholarly venue for peer-reviewed works on and by Iceland&#8217;s legal community and reality<span lang=\"IS\">, in <\/span><span lang=\"IS\">both Icelandic and English.<\/span><\/p>\n<p style=\"text-align: justify;\">As of <strong>2023<\/strong>, then, two regular issues of <em>Nordicum-Mediterraneum <\/em>should be published every year: one continuing the journal&#8217;s interdisciplinary tradition (due in March) and another devoted to legal scholarship alone (by the end of the year). If necessary, however, only either of them may appear, or a combination of the two. Additional special editions about particular topics and\/or events continue to be published as well, without a specific schedule.<\/p>\n<div>Over the years, <strong>common abbreviations <\/strong>of the journal have turned out to be:<\/div>\n<div>NoMe, NOME, NM, NordMed and Nordicum.<\/div>\n<p>&nbsp;<\/p>\n<p>&nbsp;<\/p>\n<p style=\"text-align: justify;\"><strong>(c) Copyright and licensing<\/strong><\/p>\n<p style=\"text-align: justify;\">In general, the <strong>Creative Commons Attribution-ShareAlike<\/strong> license (<a href=\"https:\/\/creativecommons.org\/licenses\/by-sa\/4.0\/\">CC-BY-SA 4.0 international<\/a>) is preferred for the material published in <em>Nordicum-Mediterraneum<\/em>, in order to maximise its dissemination and facilitate its integration with popular online archives and databases (e.g., Wikipedia). <span style=\"text-align: justify;\">Fundamentally, the authors retain copyright and any other publishing right over their own material, including republication, provided that they acknowledge the original publication in <em>Nordicum-Mediterraneum<\/em>. However, deviations and exceptions may occur, in consultation with the editors.\u00a0<\/span><\/p>\n<p style=\"text-align: justify;\"><em>Nordicum-Mediterraneum\u00a0<\/em>is published by the <strong>University of Akureyri<\/strong>, which is the second largest State university in Iceland (<a href=\"https:\/\/www.unak.is\/\"><em>H\u00e1sk\u00f3linn \u00e1 Akureyri<\/em><\/a>). The university&#8217;s IT experts serve as\u00a0 webmasters since 2016. Before that time, Mr Fabrizio Veneziano of Schiller International University (Paris, France) was the sole and very first webmaster, who must be duly credited for the journal&#8217;s unique format and aesthetics.\u00a0The journal&#8217;s <strong>ISSN<\/strong> code is: <strong>1670-6242<\/strong>.<\/p>\n<p>&nbsp;<\/p>\n<p>&nbsp;<\/p>\n<p style=\"text-align: justify;\"><strong>(d) Indexing and storage<\/strong><\/p>\n<p style=\"text-align: justify;\">As stated, the journal is indexed internationally on Lund University Libraries&#8217; <em>Directory of Open Access Journals<\/em> (<a href=\"https:\/\/www.doaj.org\/\">DOAJ<\/a>), but it has also been available for many years on <a href=\"https:\/\/www.ebsco.com\/products\/research-databases\/humanities-international-index\"><em>EBSCO&#8217;s Humanities International Index<\/em><\/a>, and it is recognised by <a href=\"http:\/\/nome.unak.is\/wordpress\/wp-content\/uploads\/2022\/01\/Icelandic-Journals-Points.png\">Iceland<\/a>&#8216;s and Norway&#8217;s (<a href=\"https:\/\/kanalregister.hkdir.no\/publiseringskanaler\/KanalTidsskriftInfo.action;jsessionid=QE7hgF11RamMBTm6iA0SD5Qr.undefined?id=471736\">NSD<\/a>) <strong>national evaluation systems<\/strong> of university-based research, <em>The<\/em> <em>Danish Bibliometric Research Indicator <\/em>(<a href=\"https:\/\/ufm.dk\/en\/research-and-innovation\/statistics-and-analyses\/bibliometric-research-indicator\/bfi-lists\">BFI<\/a>), and the <a href=\"https:\/\/julkaisufoorumi.fi\/en\"><strong><em>Finnish Publication Forum<\/em><\/strong> (JUFO), <\/a>which has become the leading bibliometric standard across Nordic academia.<\/p>\n<p style=\"text-align: justify;\">All materials <span style=\"text-align: justify;\">published in <em>Nordicum-Mediterraneum<\/em> from 2006 through 2014 have also been deposited, itemised and stored on the digital archive <a href=\"https:\/\/skemman.is\/\"><em>Skemman<\/em><\/a> of Iceland&#8217;s National Library, so as to ensure their long-term safe-keeping, identifiability and availability.\u00a0<\/span><\/p>\n","protected":false},"excerpt":{"rendered":"<p>(a) Mission and values Nordicum-Mediterraneum is an international, multi- and interdisciplinary forum for the presentation, discussion and exchange of ideas, studies and resources dealing with Mediterranean and Nordic matters. In particular, though by no means exclusively, Nordicum-Mediterraneum wishes to be a venue for the exploration of the ties between Iceland and Italy: historical, cultural, economic, &hellip; <a href=\"https:\/\/nome.unak.is\/wordpress\/editorial-policy\/\" class=\"more-link\">Continue reading <span class=\"screen-reader-text\">Editorial Policy<\/span> <span class=\"meta-nav\">&rarr;<\/span><\/a><\/p>\n","protected":false},"author":527,"featured_media":0,"parent":0,"menu_order":12,"comment_status":"closed","ping_status":"open","template":"","meta":{"_exactmetrics_skip_tracking":false,"_exactmetrics_sitenote_active":false,"_exactmetrics_sitenote_note":"","_exactmetrics_sitenote_category":0,"footnotes":""},"coauthors":[1318],"class_list":["post-2","page","type-page","status-publish","hentry"],"_links":{"self":[{"href":"https:\/\/nome.unak.is\/wordpress\/wp-json\/wp\/v2\/pages\/2","targetHints":{"allow":["GET"]}}],"collection":[{"href":"https:\/\/nome.unak.is\/wordpress\/wp-json\/wp\/v2\/pages"}],"about":[{"href":"https:\/\/nome.unak.is\/wordpress\/wp-json\/wp\/v2\/types\/page"}],"author":[{"embeddable":true,"href":"https:\/\/nome.unak.is\/wordpress\/wp-json\/wp\/v2\/users\/527"}],"replies":[{"embeddable":true,"href":"https:\/\/nome.unak.is\/wordpress\/wp-json\/wp\/v2\/comments?post=2"}],"version-history":[{"count":28,"href":"https:\/\/nome.unak.is\/wordpress\/wp-json\/wp\/v2\/pages\/2\/revisions"}],"predecessor-version":[{"id":34301,"href":"https:\/\/nome.unak.is\/wordpress\/wp-json\/wp\/v2\/pages\/2\/revisions\/34301"}],"wp:attachment":[{"href":"https:\/\/nome.unak.is\/wordpress\/wp-json\/wp\/v2\/media?parent=2"}],"wp:term":[{"taxonomy":"author","embeddable":true,"href":"https:\/\/nome.unak.is\/wordpress\/wp-json\/wp\/v2\/coauthors?post=2"}],"curies":[{"name":"wp","href":"https:\/\/api.w.org\/{rel}","templated":true}]}}